{"id":12,"date":"2017-02-06T16:03:24","date_gmt":"2017-02-06T16:03:24","guid":{"rendered":"http:\/\/test.zirzip.szczecin.pl\/?page_id=12"},"modified":"2025-04-27T09:35:17","modified_gmt":"2025-04-27T08:35:17","slug":"strona-glowna","status":"publish","type":"page","link":"https:\/\/zirzip.szczecin.pl\/","title":{"rendered":"Strona g\u0142\u00f3wna"},"content":{"rendered":"<div id=\"pl-12\"  class=\"panel-layout\" ><div id=\"pg-12-0\"  class=\"panel-grid panel-no-style\" ><div id=\"pgc-12-0-0\"  class=\"panel-grid-cell\" ><div id=\"panel-12-0-0-0\" class=\"so-panel widget widget_sow-editor panel-first-child\" data-index=\"0\" ><div class=\"panel-widget-style panel-widget-style-for-12-0-0-0\" ><div\n\t\t\t\n\t\t\tclass=\"so-widget-sow-editor so-widget-sow-editor-base\"\n\t\t\t\n\t\t>\n<div class=\"siteorigin-widget-tinymce textwidget\">\n\t<p>&nbsp;<\/p>\n<p>&nbsp;<\/p>\n<p><img data-recalc-dims=\"1\" loading=\"lazy\" decoding=\"async\" class=\"aligncenter wp-image-5949 size-full\" src=\"https:\/\/i0.wp.com\/zirzip.szczecin.pl\/wp-content\/uploads\/2022\/12\/PIR_zestawienie_1_plik_edytowalny_KOLOR-scaled.jpg?resize=750%2C109\" alt=\"\" width=\"750\" height=\"109\" srcset=\"https:\/\/i0.wp.com\/zirzip.szczecin.pl\/wp-content\/uploads\/2022\/12\/PIR_zestawienie_1_plik_edytowalny_KOLOR-scaled.jpg?w=2560&amp;ssl=1 2560w, https:\/\/i0.wp.com\/zirzip.szczecin.pl\/wp-content\/uploads\/2022\/12\/PIR_zestawienie_1_plik_edytowalny_KOLOR-scaled.jpg?resize=300%2C44&amp;ssl=1 300w, https:\/\/i0.wp.com\/zirzip.szczecin.pl\/wp-content\/uploads\/2022\/12\/PIR_zestawienie_1_plik_edytowalny_KOLOR-scaled.jpg?resize=1024%2C149&amp;ssl=1 1024w, https:\/\/i0.wp.com\/zirzip.szczecin.pl\/wp-content\/uploads\/2022\/12\/PIR_zestawienie_1_plik_edytowalny_KOLOR-scaled.jpg?resize=768%2C112&amp;ssl=1 768w, https:\/\/i0.wp.com\/zirzip.szczecin.pl\/wp-content\/uploads\/2022\/12\/PIR_zestawienie_1_plik_edytowalny_KOLOR-scaled.jpg?resize=1536%2C223&amp;ssl=1 1536w, https:\/\/i0.wp.com\/zirzip.szczecin.pl\/wp-content\/uploads\/2022\/12\/PIR_zestawienie_1_plik_edytowalny_KOLOR-scaled.jpg?resize=2048%2C298&amp;ssl=1 2048w, https:\/\/i0.wp.com\/zirzip.szczecin.pl\/wp-content\/uploads\/2022\/12\/PIR_zestawienie_1_plik_edytowalny_KOLOR-scaled.jpg?resize=1568%2C228&amp;ssl=1 1568w, https:\/\/i0.wp.com\/zirzip.szczecin.pl\/wp-content\/uploads\/2022\/12\/PIR_zestawienie_1_plik_edytowalny_KOLOR-scaled.jpg?w=2250&amp;ssl=1 2250w\" sizes=\"auto, (max-width: 750px) 100vw, 750px\" \/><\/p>\n<\/div>\n<\/div><\/div><\/div><div id=\"panel-12-0-0-1\" class=\"so-panel widget widget_sow-editor\" data-index=\"1\" ><div\n\t\t\t\n\t\t\tclass=\"so-widget-sow-editor so-widget-sow-editor-base\"\n\t\t\t\n\t\t>\n<div class=\"siteorigin-widget-tinymce textwidget\">\n\t<p style=\"text-align: center;\">Nasz\u0105 misj\u0105 jest kszta\u0142cenie m\u0142odocianych, podwy\u017cszanie kwalifikacji zawodowych, \u015bwiadczenie us\u0142ug na najwy\u017cszym poziomie, przeprowadzanie egzamin\u00f3w czeladniczych i mistrzowskich,<br \/>\nwsp\u00f3lne wyst\u0119powanie o fundusze z Unii Europejskiej, reprezentowanie rzemios\u0142a, obrona praw i interes\u00f3w rzemie\u015blnik\u00f3w<br \/>\ni przedsi\u0119biorc\u00f3w. Ich dzia\u0142ania i praca odbywaj\u0105 si\u0119<br \/>\nz poszanowaniem prawa i godno\u015bci. Maj\u0105 na celu r\u00f3wnanie do standard\u00f3w europejskich i \u015bwiatowych.<br \/>\nPotwierdzaj\u0105c kwalifikacje dyplomami mistrzowskimi<br \/>\ni \u015bwiadectwami czeladniczymi,<br \/>\nbior\u0105 odpowiedzialno\u015b\u0107 za\u00a0 wizerunek naszego rzemios\u0142a,<br \/>\ntak\u017ce poza\u00a0granicami kraju.<\/p>\n<\/div>\n<\/div><\/div><div id=\"panel-12-0-0-2\" class=\"so-panel widget widget_eu_cookie_law_widget panel-last-child\" data-index=\"2\" ><div class=\"rodo_tekst panel-widget-style panel-widget-style-for-12-0-0-2\" id=\"rodo_tekst\" >\n<div\n\tclass=\"hide-on-button\"\n\tdata-hide-timeout=\"30\"\n\tdata-consent-expiration=\"30\"\n\tid=\"eu-cookie-law\"\n>\n\t<form method=\"post\" id=\"jetpack-eu-cookie-law-form\">\n\t\t<input type=\"submit\" value=\"Zamknij i zaakceptuj\" class=\"accept\" \/>\n\t<\/form>\n\n\t*Serwis wykorzystuje pliki cookies. Korzystaj\u0105c ze strony wyra\u017casz zgod\u0119 na wykorzystywanie plik\u00f3w cookies. *Przetwarzamy Twoje dane osobowe zgodnie z Polityk\u0105 Prywatno\u015bci.  \n\t\t<a href=\"http:\/\/zirzip.szczecin.pl\/?page_id=302\" rel=\"\">\n\t\tDOWIEDZ SI\u0118 WI\u0118CEJ.\t<\/a>\n<\/div>\n<\/div><\/div><\/div><\/div><\/div>","protected":false},"excerpt":{"rendered":"<p>&nbsp; &nbsp; Nasz\u0105 misj\u0105 jest kszta\u0142cenie m\u0142odocianych, podwy\u017cszanie kwalifikacji zawodowych, \u015bwiadczenie us\u0142ug na najwy\u017cszym poziomie, przeprowadzanie egzamin\u00f3w czeladniczych i mistrzowskich, wsp\u00f3lne wyst\u0119powanie o fundusze z Unii Europejskiej, reprezentowanie rzemios\u0142a, obrona praw i interes\u00f3w rzemie\u015blnik\u00f3w i przedsi\u0119biorc\u00f3w. Ich dzia\u0142ania i praca odbywaj\u0105 si\u0119 z poszanowaniem prawa i godno\u015bci. Maj\u0105 na celu r\u00f3wnanie do standard\u00f3w europejskich i&hellip; <a class=\"more-link\" href=\"https:\/\/zirzip.szczecin.pl\/\">Czytaj dalej <span class=\"screen-reader-text\">Strona g\u0142\u00f3wna<\/span><\/a><\/p>\n","protected":false},"author":2,"featured_media":0,"parent":0,"menu_order":0,"comment_status":"closed","ping_status":"closed","template":"","meta":{"footnotes":""},"class_list":["post-12","page","type-page","status-publish","hentry","entry"],"jetpack_sharing_enabled":true,"jetpack_shortlink":"https:\/\/wp.me\/P9F7U6-c","_links":{"self":[{"href":"https:\/\/zirzip.szczecin.pl\/index.php?rest_route=\/wp\/v2\/pages\/12","targetHints":{"allow":["GET"]}}],"collection":[{"href":"https:\/\/zirzip.szczecin.pl\/index.php?rest_route=\/wp\/v2\/pages"}],"about":[{"href":"https:\/\/zirzip.szczecin.pl\/index.php?rest_route=\/wp\/v2\/types\/page"}],"author":[{"embeddable":true,"href":"https:\/\/zirzip.szczecin.pl\/index.php?rest_route=\/wp\/v2\/users\/2"}],"replies":[{"embeddable":true,"href":"https:\/\/zirzip.szczecin.pl\/index.php?rest_route=%2Fwp%2Fv2%2Fcomments&post=12"}],"version-history":[{"count":116,"href":"https:\/\/zirzip.szczecin.pl\/index.php?rest_route=\/wp\/v2\/pages\/12\/revisions"}],"predecessor-version":[{"id":6196,"href":"https:\/\/zirzip.szczecin.pl\/index.php?rest_route=\/wp\/v2\/pages\/12\/revisions\/6196"}],"wp:attachment":[{"href":"https:\/\/zirzip.szczecin.pl\/index.php?rest_route=%2Fwp%2Fv2%2Fmedia&parent=12"}],"curies":[{"name":"wp","href":"https:\/\/api.w.org\/{rel}","templated":true}]}}