{"id":1642,"date":"2018-06-13T14:59:20","date_gmt":"2018-06-13T14:59:20","guid":{"rendered":"http:\/\/zirzip.szczecin.pl\/?page_id=1642"},"modified":"2018-06-13T14:59:20","modified_gmt":"2018-06-13T14:59:20","slug":"rodo-2","status":"publish","type":"page","link":"https:\/\/zirzip.szczecin.pl\/?page_id=1642","title":{"rendered":"RODO"},"content":{"rendered":"<div id=\"pl-1642\"  class=\"panel-layout\" ><div id=\"pg-1642-0\"  class=\"panel-grid panel-no-style\" ><div id=\"pgc-1642-0-0\"  class=\"panel-grid-cell\" ><div id=\"panel-1642-0-0-0\" class=\"so-panel widget widget_sow-editor panel-first-child panel-last-child\" data-index=\"0\" ><div\n\t\t\t\n\t\t\tclass=\"so-widget-sow-editor so-widget-sow-editor-base\"\n\t\t\t\n\t\t>\n<div class=\"siteorigin-widget-tinymce textwidget\">\n\t<h3 style=\"text-align: center;\"><span style=\"color: #ff0000;\"><strong>Zachodniopomorska Izba Rzemios\u0142a i Przedsi\u0119biorczo\u015bci RODO<br \/>\n- Klauzula informacyjna<\/strong><\/span><\/h3>\n<p>Zgodnie z art. 13 ust. 1 i ust. 2 og\u00f3lnego rozporz\u0105dzenia o ochronie danych osobowych z dnia 27 kwietnia 2016 r. informujemy, i\u017c Zachodniopomorska Izba Rzemios\u0142a i Przedsi\u0119biorczo\u015bci w Szczecinie b\u0119d\u0105c w posiadaniu\/ zbieraj\u0105c dane na etapie za\u0142atwiania spraw zgodnie ze Statutem jest \/ stanie si\u0119 administratorem Pani\/Pana danych osobowych. To oznacza, \u017ce odpowiadamy za wykorzystywanie danych w spos\u00f3b bezpieczny, zgodny z umow\u0105 oraz obowi\u0105zuj\u0105cymi przepisami.<\/p>\n<p>Z Administratorem mo\u017cna si\u0119 kontaktowa\u0107 pisemnie, za pomoc\u0105 poczty tradycyjnej na adres: ul. Kr\u00f3lowej Korony Polskiej 25, 70-486 Szczecin, drog\u0105 e-mailow\u0105 - <a href=\"mailto:zirzipszczecin@onet.eu\">zirzipszczecin@onet.eu<\/a><\/p>\n<p>Pani\/Pana dane osobowe s\u0105 przetwarzane na podstawie art. 6 ust. 1 lit. b oraz f <strong>RODO<\/strong> tj. przetwarzanie jest niezb\u0119dne do wykonania umowy, kt\u00f3rej stron\u0105 jest osoba, kt\u00f3rej dane dotycz\u0105, lub do podj\u0119cia dzia\u0142a\u0144 na \u017c\u0105danie osoby, kt\u00f3rej dane dotycz\u0105, przed zawarciem umowy oraz w celu realizacji prawnie uzasadnionego interesu administratora.<\/p>\n<p>Dane osobowe przetwarzane s\u0105 w celu zapewnienia wysokiego poziomu \u015bwiadczenia us\u0142ug.<br \/>\n<strong>*\u00a0<\/strong> Administrator przetwarza dane osobowe jedynie w zakresie okre\u015blonym przez przepisy prawa w tym ustaw\u0119 o rachunkowo\u015bci a tak\u017ce oczywi\u015bcie w zakresie niezb\u0119dnym do usprawnienia komunikacji mi\u0119dzy stronami (dane kontaktowe).<br \/>\n<strong>*<\/strong>\u00a0 Administrator mo\u017ce przetwarza\u0107 dane osobowe w celu realizowania dzia\u0142a\u0144 marketingowych, a kt\u00f3re mog\u0105 polega\u0107 na kierowaniu informacji o interesuj\u0105cych ofertach lub tre\u015bciach,<\/p>\n<p>Podstaw\u0105 prawn\u0105 przetwarzania danych osobowych przez Administratora w celu marketingowym jest jego uzasadniony interes (art. 6 ust. 1 lit. f RODO).<\/p>\n<p><strong>*\u00a0<\/strong> Odbiorcami danych osobowych mog\u0105 by\u0107 podmioty:<\/p>\n<ol>\n<li>dostawcy oprogramowania do zarz\u0105dzania przedsi\u0119biorstwem oraz dostawcy us\u0142ug informatycznych;<\/li>\n<li>dostawcy us\u0142ug prawnych oraz ksi\u0119gowych;<\/li>\n<li>komisje egzaminacyjne;<\/li>\n<li>oraz nasi partnerzy;<\/li>\n<\/ol>\n<p><strong>*<\/strong>\u00a0 Danych osobowych nie przekazujemy i nie planujemy przekazywa\u0107 danych do pa\u0144stw poza Europejskim Obszarem Gospodarczym.<\/p>\n<p><strong>*<\/strong>\u00a0 Dane osobowe przetwarzane s\u0105 przez okres wynikaj\u0105cy z przepis\u00f3w prawa w tym:<br \/>\n- przez czas wykonania obowi\u0105zk\u00f3w np. wystawienia faktury; rachunku;<br \/>\n- przez czas w kt\u00f3rym przepisy nakazuj\u0105 nam przechowywa\u0107 dane np. podatkowe;<br \/>\n- przez czas w kt\u00f3rym mo\u017cemy ponie\u015b\u0107 konsekwencje prawne;<br \/>\n- a tak\u017ce dla cel\u00f3w archiwalnych i wydania duplikat\u00f3w dokument\u00f3w potwierdzaj\u0105cych kwalifikacje;<\/p>\n<p><strong>*<\/strong>\u00a0 W zwi\u0105zku z przetwarzaniem Pani\/Pana danych osobowych przys\u0142uguje Pani\/Panu prawo do:<\/p>\n<ol>\n<li>informacji o przetwarzaniu danych osobowych;<\/li>\n<li>uzyskania kopii danych;<\/li>\n<li>sprostowania;<\/li>\n<li>usuni\u0119cia danych;<\/li>\n<li>ograniczenia przetwarzania;<\/li>\n<li>przenoszenia danych;<\/li>\n<li>sprzeciwu wobec przetwarzania danych w celach marketingowych;<\/li>\n<li>sprzeciwu wobec innych cel\u00f3w przetwarzania danych;<\/li>\n<li>wycofania zgody;<\/li>\n<li>skargi do Prezesa Urz\u0119du Ochrony Danych Osobowych.<\/li>\n<\/ol>\n<p style=\"text-align: center;\"><span style=\"color: #ff0000;\"><strong>Informujemy<\/strong><strong>, \u017ce podanie danych osobowych jest dobrowolne lecz ich niepodanie spowoduje niemo\u017cno\u015b\u0107 zawarcia umowy, przeprowadzenia egzaminu<br \/>\ni wykonania innych dzia\u0142a\u0144 statutowych.<\/strong><\/span><\/p>\n<\/div>\n<\/div><\/div><\/div><\/div><\/div>","protected":false},"excerpt":{"rendered":"<p>Zachodniopomorska Izba Rzemios\u0142a i Przedsi\u0119biorczo\u015bci RODO &#8211; Klauzula informacyjna Zgodnie z art. 13 ust. 1 i ust. 2 og\u00f3lnego rozporz\u0105dzenia o ochronie danych osobowych z dnia 27 kwietnia 2016 r. informujemy, i\u017c Zachodniopomorska Izba Rzemios\u0142a i Przedsi\u0119biorczo\u015bci w Szczecinie b\u0119d\u0105c w posiadaniu\/ zbieraj\u0105c dane na etapie za\u0142atwiania spraw zgodnie ze Statutem jest \/ stanie si\u0119&hellip; <a class=\"more-link\" href=\"https:\/\/zirzip.szczecin.pl\/?page_id=1642\">Czytaj dalej <span class=\"screen-reader-text\">RODO<\/span><\/a><\/p>\n","protected":false},"author":5,"featured_media":0,"parent":0,"menu_order":0,"comment_status":"closed","ping_status":"closed","template":"","meta":{"footnotes":""},"class_list":["post-1642","page","type-page","status-publish","hentry","entry"],"jetpack_sharing_enabled":true,"jetpack_shortlink":"https:\/\/wp.me\/P9F7U6-qu","_links":{"self":[{"href":"https:\/\/zirzip.szczecin.pl\/index.php?rest_route=\/wp\/v2\/pages\/1642","targetHints":{"allow":["GET"]}}],"collection":[{"href":"https:\/\/zirzip.szczecin.pl\/index.php?rest_route=\/wp\/v2\/pages"}],"about":[{"href":"https:\/\/zirzip.szczecin.pl\/index.php?rest_route=\/wp\/v2\/types\/page"}],"author":[{"embeddable":true,"href":"https:\/\/zirzip.szczecin.pl\/index.php?rest_route=\/wp\/v2\/users\/5"}],"replies":[{"embeddable":true,"href":"https:\/\/zirzip.szczecin.pl\/index.php?rest_route=%2Fwp%2Fv2%2Fcomments&post=1642"}],"version-history":[{"count":9,"href":"https:\/\/zirzip.szczecin.pl\/index.php?rest_route=\/wp\/v2\/pages\/1642\/revisions"}],"predecessor-version":[{"id":1651,"href":"https:\/\/zirzip.szczecin.pl\/index.php?rest_route=\/wp\/v2\/pages\/1642\/revisions\/1651"}],"wp:attachment":[{"href":"https:\/\/zirzip.szczecin.pl\/index.php?rest_route=%2Fwp%2Fv2%2Fmedia&parent=1642"}],"curies":[{"name":"wp","href":"https:\/\/api.w.org\/{rel}","templated":true}]}}