{"id":177,"date":"2017-05-02T21:42:59","date_gmt":"2017-05-02T21:42:59","guid":{"rendered":"http:\/\/test.zirzip.szczecin.pl\/?page_id=177"},"modified":"2024-07-23T15:23:23","modified_gmt":"2024-07-23T14:23:23","slug":"kursy-i-szkolenia","status":"publish","type":"page","link":"https:\/\/zirzip.szczecin.pl\/?page_id=177","title":{"rendered":"Kursy i szkolenia"},"content":{"rendered":"<div id=\"pl-177\"  class=\"panel-layout\" ><div id=\"pg-177-0\"  class=\"panel-grid panel-no-style\" ><div id=\"pgc-177-0-0\"  class=\"panel-grid-cell\" ><div id=\"panel-177-0-0-0\" class=\"so-panel widget widget_sow-editor panel-first-child panel-last-child\" data-index=\"0\" ><div\n\t\t\t\n\t\t\tclass=\"so-widget-sow-editor so-widget-sow-editor-base\"\n\t\t\t\n\t\t>\n<div class=\"siteorigin-widget-tinymce textwidget\">\n\t<p style=\"text-align: center;\"><strong>ZACH\u0118CAMY DO SKORZYSTANIA Z WYJ\u0104TKOWEJ OFERTY SZKOLE\u0143 Z GWARANCJ\u0104 PRZYST\u0104PIENIA DO EGZAMIN\u00d3W KWALIFIKACYJNYCH NA MISTRZA I CZELADNIKA<\/strong><\/p>\n<p style=\"text-align: center;\"><strong>BUR<\/strong><\/p>\n<p style=\"text-align: center;\"><strong>WARTO, BO SZKOLENIA ORGANIZOWANE, DOST\u0118PNE W BAZIE US\u0141UG ROZWOJOWYCH (BUR)<\/strong><\/p>\n<p style=\"text-align: center;\"><strong>TO DOSKONA\u0141A OKAZJA DO PODNIESIENIA KWALIFIKACJI ZAWODOWYCH ORAZ INWESTYCJI<br \/>\nW ROZW\u00d3J OSOBISTY I ZAWODOWY PRACOWNIK\u00d3W.<\/strong><\/p>\n<p><strong>\u00a0<\/strong><\/p>\n<p><strong>Korzy\u015bci dla uczestnik\u00f3w:<\/strong><\/p>\n<ul>\n<li><strong>Podniesienie kwalifikacji<\/strong>: Udzia\u0142 w szkoleniach pozwala na zdobycie nowych umiej\u0119tno\u015bci<br \/>\ni wiedzy, co przek\u0142ada si\u0119 na wzrost efektywno\u015bci i konkurencyjno\u015bci na rynku pracy.<\/li>\n<li><strong>Finansowanie ze \u015brodk\u00f3w unijnych<\/strong>: Dzi\u0119ki wsparciu z funduszy unijnych, wi\u0119kszo\u015b\u0107 koszt\u00f3w szkole\u0144 mo\u017ce zosta\u0107 pokryta, co znacz\u0105co obni\u017ca bariery finansowe dla firm i pracownik\u00f3w.<\/li>\n<\/ul>\n<ul>\n<li><strong>Programy szkoleniowe<\/strong>, dostosowane do aktualnych potrzeb rynku pracy, obejmuj\u0105 szeroki zakres temat\u00f3w \u2013 od kompetencji mi\u0119kkich, poprzez specjalistyczne kursy techniczne, a\u017c po zaawansowane szkolenia mened\u017cerskie.<\/li>\n<\/ul>\n<p>Projekt skierowany jest wy\u0142\u0105cznie do aktywnych mikro, ma\u0142ych i \u015brednich przedsi\u0119biorstw (MM\u015aP) posiadaj\u0105cych siedzib\u0119, oddzia\u0142 lub g\u0142\u00f3wne miejsce wykonywania dzia\u0142alno\u015bci na terenie wojew\u00f3dztwa zachodniopomorskiego oraz ich pracownik\u00f3w zatrudnionych na terenie tego wojew\u00f3dztwa. Uczestnikiem projektu mo\u017ce by\u0107 pracownik zatrudniony minimum miesi\u0105c przed dniem z\u0142o\u017cenia dokument\u00f3w oraz do czasu zako\u0144czenia us\u0142ugi rozwojowej, na podstawie umowy o prac\u0119 (minimum 0,5 etatu, wynagrodzenie nie ni\u017csze ni\u017c minimalne wynagrodzenie) lub na podstawie umowy cywilnoprawnej (wynagrodzenie brutto<br \/>\nw wysoko\u015bci nie mniejszej ni\u017c warto\u015b\u0107 dofinansowania w okresie maksymalnie 6 miesi\u0119cy przed dniem z\u0142o\u017cenia dokumentacji).<\/p>\n<p><strong>Refundacja koszt\u00f3w udzielana jest na: Szkolenia<\/strong>: <strong>szkolenia,<\/strong> <strong>\u00a0kursy o charakterze zawodowym<\/strong>: kwalifikacyjny kurs zawodowy, kurs umiej\u0119tno\u015bci zawodowych oraz inne, kt\u00f3re umo\u017cliwiaj\u0105 uzyskiwanie i uzupe\u0142nianie wiedzy, umiej\u0119tno\u015bci i kwalifikacji zawodowych.<\/p>\n<p><strong>Poziomy dofinansowania:<\/strong><\/p>\n<ul>\n<li><strong>50%<\/strong>: podstawowy poziom finansowania.<\/li>\n<li><strong>60%<\/strong>: dla pracownik\u00f3w przedsi\u0119biorstw w wieku 55 lat i wi\u0119cej w chwili przyst\u0105pienia do projektu, dla us\u0142ug w zakresie zielonych umiej\u0119tno\u015bci, dla podmiot\u00f3w dzia\u0142aj\u0105cych w obszarze Inteligentnych Specjalizacji Pomorza Zachodniego zgodnie z g\u0142\u00f3wnym kodem PKD prowadzonej dzia\u0142alno\u015bci.<\/li>\n<li><strong>80%<\/strong>: na us\u0142ugi rozwojowe ko\u0144cz\u0105ce si\u0119 nabyciem kwalifikacji zarejestrowanych<br \/>\nw Zintegrowanym Rejestrze Kwalifikacji oraz posiadaj\u0105cych nadany kod kwalifikacji<\/li>\n<li><strong>80%<\/strong>: na us\u0142ugi rozwojowe wybrane w Bazie Us\u0142ug Rozwojowych osoby doros\u0142e, ucz\u0105ce si\u0119 z w\u0142asnej inicjatywy<\/li>\n<\/ul>\n<p><strong>Skorzystaj z niepowtarzalnej szansy na rozw\u00f3j.<\/strong><\/p>\n<p>W razie pyta\u0144 lub w\u0105tpliwo\u015bci, nasi konsultanci s\u0105 do Pa\u0144stwa dyspozycji i z przyjemno\u015bci\u0105 udziel\u0105 wszelkich potrzebnych informacji, kontakt tel: +48\u00a0603\u00a0111 900<\/p>\n<p>&nbsp;<\/p>\n<hr \/>\n<p>&nbsp;<\/p>\n<p>Centrum Kszta\u0142cenia Ustawicznego i Praktycznego przy ZIRziP w Szczecinie informuje, \u017ce prowadzi <strong>cykliczne zapisy na szkolenia i kursy w zakresie:<\/strong><\/p>\n<p>- kurs pedagogiczny dla instruktor\u00f3w praktycznej nauki zawodu<br \/>\n- kurs BHP dla pracodawc\u00f3w<br \/>\n- kurs BHP dla pracownik\u00f3w pe\u0142noletnich i m\u0142odocianych<br \/>\n- kurs udzielania pierwszej pomocy przedmedycznej<br \/>\n- kurs ochrony przeciwpo\u017carowej w zak\u0142adzie pracy<\/p>\n<p><strong>Zainteresowanych prosimy o kontakt.<\/strong><\/p>\n<\/div>\n<\/div><\/div><\/div><\/div><\/div>","protected":false},"excerpt":{"rendered":"<p>ZACH\u0118CAMY DO SKORZYSTANIA Z WYJ\u0104TKOWEJ OFERTY SZKOLE\u0143 Z GWARANCJ\u0104 PRZYST\u0104PIENIA DO EGZAMIN\u00d3W KWALIFIKACYJNYCH NA MISTRZA I CZELADNIKA BUR WARTO, BO SZKOLENIA ORGANIZOWANE, DOST\u0118PNE W BAZIE US\u0141UG ROZWOJOWYCH (BUR) TO DOSKONA\u0141A OKAZJA DO PODNIESIENIA KWALIFIKACJI ZAWODOWYCH ORAZ INWESTYCJI W ROZW\u00d3J OSOBISTY I ZAWODOWY PRACOWNIK\u00d3W. \u00a0 Korzy\u015bci dla uczestnik\u00f3w: Podniesienie kwalifikacji: Udzia\u0142 w szkoleniach pozwala na zdobycie&hellip; <a class=\"more-link\" href=\"https:\/\/zirzip.szczecin.pl\/?page_id=177\">Czytaj dalej <span class=\"screen-reader-text\">Kursy i szkolenia<\/span><\/a><\/p>\n","protected":false},"author":2,"featured_media":0,"parent":38,"menu_order":0,"comment_status":"closed","ping_status":"closed","template":"","meta":{"footnotes":""},"class_list":["post-177","page","type-page","status-publish","hentry","entry"],"jetpack_sharing_enabled":true,"jetpack_shortlink":"https:\/\/wp.me\/P9F7U6-2R","_links":{"self":[{"href":"https:\/\/zirzip.szczecin.pl\/index.php?rest_route=\/wp\/v2\/pages\/177","targetHints":{"allow":["GET"]}}],"collection":[{"href":"https:\/\/zirzip.szczecin.pl\/index.php?rest_route=\/wp\/v2\/pages"}],"about":[{"href":"https:\/\/zirzip.szczecin.pl\/index.php?rest_route=\/wp\/v2\/types\/page"}],"author":[{"embeddable":true,"href":"https:\/\/zirzip.szczecin.pl\/index.php?rest_route=\/wp\/v2\/users\/2"}],"replies":[{"embeddable":true,"href":"https:\/\/zirzip.szczecin.pl\/index.php?rest_route=%2Fwp%2Fv2%2Fcomments&post=177"}],"version-history":[{"count":11,"href":"https:\/\/zirzip.szczecin.pl\/index.php?rest_route=\/wp\/v2\/pages\/177\/revisions"}],"predecessor-version":[{"id":6128,"href":"https:\/\/zirzip.szczecin.pl\/index.php?rest_route=\/wp\/v2\/pages\/177\/revisions\/6128"}],"up":[{"embeddable":true,"href":"https:\/\/zirzip.szczecin.pl\/index.php?rest_route=\/wp\/v2\/pages\/38"}],"wp:attachment":[{"href":"https:\/\/zirzip.szczecin.pl\/index.php?rest_route=%2Fwp%2Fv2%2Fmedia&parent=177"}],"curies":[{"name":"wp","href":"https:\/\/api.w.org\/{rel}","templated":true}]}}