{"id":225,"date":"2017-05-03T11:51:09","date_gmt":"2017-05-03T11:51:09","guid":{"rendered":"http:\/\/test.zirzip.szczecin.pl\/?page_id=225"},"modified":"2023-06-07T12:52:22","modified_gmt":"2023-06-07T11:52:22","slug":"warunki-dopuszczenia-ec","status":"publish","type":"page","link":"https:\/\/zirzip.szczecin.pl\/?page_id=225","title":{"rendered":"Warunki dopuszczenia, wymaganie dokumenty EC"},"content":{"rendered":"<div id=\"pl-225\"  class=\"panel-layout\" ><div id=\"pg-225-0\"  class=\"panel-grid panel-no-style\" ><div id=\"pgc-225-0-0\"  class=\"panel-grid-cell\" ><div id=\"panel-225-0-0-0\" class=\"so-panel widget widget_sow-editor panel-first-child panel-last-child\" data-index=\"0\" ><div\n\t\t\t\n\t\t\tclass=\"so-widget-sow-editor so-widget-sow-editor-base\"\n\t\t\t\n\t\t>\n<div class=\"siteorigin-widget-tinymce textwidget\">\n\t<p><strong>WARUNKI DOPUSZCZENIA DO EGZAMINU<\/strong><\/p>\n<p>Warunki dopuszczenia do egzaminu czeladniczego okre\u015bla rozporz\u0105dzenie Ministra Edukacji Narodowej z dnia dnia13 stycznia 2017 r. w sprawie egzaminu czeladniczego, egzaminu mistrzowskiego oraz egzaminu sprawdzaj\u0105cego przeprowadzanych przez komisje egzaminacyjne izb rzemie\u015blniczych (Dz.U. z 2017 r., poz. 89), kt\u00f3rego \u00a7 5 brzmi:<\/p>\n<p>Do egzaminu czeladniczego izba rzemie\u015blnicza dopuszcza osob\u0119, kt\u00f3ra spe\u0142nia jeden z nast\u0119puj\u0105cych warunk\u00f3w:<\/p>\n<ol>\n<li>uko\u0144czy\u0142a nauk\u0119 zawodu u rzemie\u015blnika jako m\u0142odociany pracownik oraz dokszta\u0142canie teoretyczne m\u0142odocianych pracownik\u00f3w w szkole lub w formach pozaszkolnych;<\/li>\n<li>posiada \u015bwiadectwo uko\u0144czenia gimnazjum albo o\u015bmioletniej szko\u0142y podstawowej oraz uko\u0144czy\u0142a kszta\u0142cenie ustawiczne w formie pozaszkolnej, dotycz\u0105ce umiej\u0119tno\u015bci zawodowych wchodz\u0105cych w zakres zawodu, w kt\u00f3rym zdaje egzamin;<\/li>\n<li>jest uczestnikiem praktycznej nauki zawodu doros\u0142ych, o kt\u00f3rej mowa w art. 53c ustawy z dnia 20 kwietnia 2004 r. o promocji zatrudnienia i instytucjach rynku pracy;<\/li>\n<li>posiada \u015bwiadectwo uko\u0144czenia gimnazjum albo o\u015bmioletniej szko\u0142y podstawowej i co najmniej trzyletni okres wykonywania zawodu, w kt\u00f3rym zdaje egzamin;<\/li>\n<li>posiada \u015bwiadectwo uko\u0144czenia szko\u0142y ponadgimnazjalnej albo dotychczasowej szko\u0142y ponadpodstawowej, prowadz\u0105cej kszta\u0142cenie zawodowe o kierunku zwi\u0105zanym z zawodem, w kt\u00f3rym zdaje egzamin;<\/li>\n<li>posiada tytu\u0142 zawodowy w zawodzie wchodz\u0105cym w zakres zawodu, w kt\u00f3rym zdaje egzamin, oraz co najmniej p\u00f3\u0142roczny okres wykonywania zawodu, w kt\u00f3rym zdaje egzamin;<\/li>\n<li>posiada \u015bwiadectwo uko\u0144czenia gimnazjum albo o\u015bmioletniej szko\u0142y podstawowej oraz za\u015bwiadczenie o zdaniu egzaminu sprawdzaj\u0105cego lub \u015bwiadectwo potwierdzaj\u0105ce kwalifikacj\u0119 w zawodzie, a tak\u017ce co najmniej roczny okres wykonywania zawodu, w kt\u00f3rym zdaje egzamin, po uzyskaniu za\u015bwiadczenia o zdaniu egzaminu sprawdzaj\u0105cego lub \u015bwiadectwa potwierdzaj\u0105cego kwalifikacj\u0119 w zawodzie.<\/li>\n<\/ol>\n<p><strong>WYMAGANE DOKUMENTY DO EGZAMINU CZELADNICZEGO<\/strong><\/p>\n<p><strong><u>M\u0142odociani pracownicy<\/u><\/strong><\/p>\n<ol>\n<li>Wniosek o dopuszczenie do egzaminu czeladniczego - <strong><a href=\"http:\/\/zirzip.szczecin.pl\/wp-content\/uploads\/2022\/02\/wniosek-czeladnik-uczen-2022.pdf\" target=\"_blank\" rel=\"noopener noreferrer\">pobierz<\/a><\/strong><\/li>\n<li>Fotografia (aktualna, czytelnie podpisana, format legitymacyjny).<\/li>\n<li>Orygina\u0142 dowodu op\u0142aty egzaminacyjnej z podaniem imienia i nazwiska zdaj\u0105cego, dokonanej na rachunek bankowy Bank Millenium 03 1160 2202 0000 0000 9341 3690 lub w kasie Izby<\/li>\n<li>\u015awiadectwo uko\u0144czenia zasadniczej szko\u0142y zawodowej, lub uko\u0144czenia gimnazjum albo o\u015bmioletniej szko\u0142y podstawowej i za\u015bwiadczenie o uko\u0144czeniu kursu przygotowuj\u0105cego do egzaminu lub o\u015bwiadczenie mistrza szkol\u0105cego o przygotowaniu teoretycznym kandydata do egzaminu.<\/li>\n<li>Umowa o prac\u0119 w celu przygotowania zawodowego wraz z za\u015bwiadczeniem uko\u0144czenia nauki zawodu wystawionym przez pracodawc\u0119 i potwierdzonym przez cech (je\u017celi pracodawca jest cz\u0142onkiem cechu) -<strong> <a href=\"http:\/\/zirzip.szczecin.pl\/wp-content\/uploads\/2023\/06\/zasw.o-ukoncz.nauki-zawodu.pdf\">pobierz<\/a><\/strong><\/li>\n<li>W przypadku zaliczenia nauki zawodu u kilku pracodawc\u00f3w nale\u017cy do\u0142\u0105czy\u0107 wszystkie umowy o prac\u0119 wraz z \u015bwiadectwami pracy, a w przypadku zaliczenia nauki w szkole - za\u015bwiadczenie o okresie nauki zawodu.<\/li>\n<\/ol>\n<p><strong><em>Koszty egzaminu w pierwszym wyznaczonym terminie pokrywa pracodawca.<\/em><\/strong><\/p>\n<p><strong><u>Kandydaci z wolnego naboru:<\/u><\/strong><\/p>\n<ol>\n<li>Wniosek o dopuszczenie do egzaminu czeladniczego -<strong> <a href=\"https:\/\/zirzip.szczecin.pl\/wp-content\/uploads\/2021\/03\/wniosek-wolny-nab\u00f3r-czeladnik.pdf\" target=\"_blank\" rel=\"noopener noreferrer\">pobierz<\/a><\/strong><\/li>\n<li>Fotografia (aktualna, czytelnie podpisana, format legitymacyjny).<\/li>\n<li>Orygina\u0142 dowodu op\u0142aty egzaminacyjnej z podaniem imienia i nazwiska zdaj\u0105cego, dokonanej na rachunek bankowy Bank Millenium 03 1160 2202 0000 0000 9341 3690 lub w kasie Izby.<\/li>\n<li>Dokument(y) potwierdzaj\u0105cy(e) wymagany okres wykonywania zawodu (\u015bwiadectwa pracy, za\u015bwiadczenie od pracodawcy o zatrudnieniu, wpis do CEiDG).<\/li>\n<li>\u015awiadectwo uko\u0144czenia szko\u0142y.<\/li>\n<li>Za\u015bwiadczenie uko\u0144czenia przygotowania zawodowego doros\u0142ych<\/li>\n<li>Tytu\u0142 zawodowy w zawodzie wchodz\u0105cym w zakres zawodu, w kt\u00f3rym osoba zdaje egzamin.<\/li>\n<li>\u015awiadectwo uzyskania co najmniej 1 kwalifikacji w zawodzie, w kt\u00f3rym osoba zdaje egzamin lub za\u015bwiadczenie zdania egzaminu sprawdzaj\u0105cego po uko\u0144czeniu przygotowania\u00a0 zawodowego doros\u0142ych.<\/li>\n<\/ol>\n<\/div>\n<\/div><\/div><\/div><\/div><\/div>","protected":false},"excerpt":{"rendered":"<p>WARUNKI DOPUSZCZENIA DO EGZAMINU Warunki dopuszczenia do egzaminu czeladniczego okre\u015bla rozporz\u0105dzenie Ministra Edukacji Narodowej z dnia dnia13 stycznia 2017 r. w sprawie egzaminu czeladniczego, egzaminu mistrzowskiego oraz egzaminu sprawdzaj\u0105cego przeprowadzanych przez komisje egzaminacyjne izb rzemie\u015blniczych (Dz.U. z 2017 r., poz. 89), kt\u00f3rego \u00a7 5 brzmi: Do egzaminu czeladniczego izba rzemie\u015blnicza dopuszcza osob\u0119, kt\u00f3ra spe\u0142nia jeden&hellip; <a class=\"more-link\" href=\"https:\/\/zirzip.szczecin.pl\/?page_id=225\">Czytaj dalej <span class=\"screen-reader-text\">Warunki dopuszczenia, wymaganie dokumenty EC<\/span><\/a><\/p>\n","protected":false},"author":2,"featured_media":0,"parent":169,"menu_order":0,"comment_status":"closed","ping_status":"closed","template":"","meta":{"footnotes":""},"class_list":["post-225","page","type-page","status-publish","hentry","entry"],"jetpack_sharing_enabled":true,"jetpack_shortlink":"https:\/\/wp.me\/P9F7U6-3D","_links":{"self":[{"href":"https:\/\/zirzip.szczecin.pl\/index.php?rest_route=\/wp\/v2\/pages\/225","targetHints":{"allow":["GET"]}}],"collection":[{"href":"https:\/\/zirzip.szczecin.pl\/index.php?rest_route=\/wp\/v2\/pages"}],"about":[{"href":"https:\/\/zirzip.szczecin.pl\/index.php?rest_route=\/wp\/v2\/types\/page"}],"author":[{"embeddable":true,"href":"https:\/\/zirzip.szczecin.pl\/index.php?rest_route=\/wp\/v2\/users\/2"}],"replies":[{"embeddable":true,"href":"https:\/\/zirzip.szczecin.pl\/index.php?rest_route=%2Fwp%2Fv2%2Fcomments&post=225"}],"version-history":[{"count":25,"href":"https:\/\/zirzip.szczecin.pl\/index.php?rest_route=\/wp\/v2\/pages\/225\/revisions"}],"predecessor-version":[{"id":6002,"href":"https:\/\/zirzip.szczecin.pl\/index.php?rest_route=\/wp\/v2\/pages\/225\/revisions\/6002"}],"up":[{"embeddable":true,"href":"https:\/\/zirzip.szczecin.pl\/index.php?rest_route=\/wp\/v2\/pages\/169"}],"wp:attachment":[{"href":"https:\/\/zirzip.szczecin.pl\/index.php?rest_route=%2Fwp%2Fv2%2Fmedia&parent=225"}],"curies":[{"name":"wp","href":"https:\/\/api.w.org\/{rel}","templated":true}]}}