{"id":233,"date":"2017-05-03T11:53:00","date_gmt":"2017-05-03T11:53:00","guid":{"rendered":"http:\/\/test.zirzip.szczecin.pl\/?page_id=233"},"modified":"2017-05-21T20:36:21","modified_gmt":"2017-05-21T20:36:21","slug":"wykaz-zawodow-i-standardy-egzaminacyjne-regulacje-prawne","status":"publish","type":"page","link":"https:\/\/zirzip.szczecin.pl\/?page_id=233","title":{"rendered":"Wykaz zawod\u00f3w, standardy egzaminacyjne, regulacje prawne"},"content":{"rendered":"<div id=\"pl-233\"  class=\"panel-layout\" ><div id=\"pg-233-0\"  class=\"panel-grid panel-no-style\" ><div id=\"pgc-233-0-0\"  class=\"panel-grid-cell\" ><div id=\"panel-233-0-0-0\" class=\"so-panel widget widget_sow-editor panel-first-child panel-last-child\" data-index=\"0\" ><div\n\t\t\t\n\t\t\tclass=\"so-widget-sow-editor so-widget-sow-editor-base\"\n\t\t\t\n\t\t>\n<div class=\"siteorigin-widget-tinymce textwidget\">\n\t<p><strong><a href=\"http:\/\/www.zrp.pl\/LinkClick.aspx?fileticket=EfC1Wq7cpds%3d&amp;tabid=59&amp;language=en-US\" target=\"_blank\" rel=\"noopener noreferrer\">WYKAZ ZAWOD\u00d3W<\/a> <\/strong><\/p>\n<p><strong>\u00a0<a href=\"http:\/\/www.zrp.pl\/Dzia%C5%82ano%C5%9B%C4%87ZRP\/O%C5%9Bwiatazawodowa\/Dzia%C5%82alno%C5%9B%C4%87egzaminacyjna\/tabid\/71\/language\/pl-PL\/Default.aspx\" target=\"_blank\" rel=\"noopener noreferrer\">STANDARDY EGZAMINACYJNE<\/a><\/strong><\/p>\n<p><strong>\u00a0Regulacje prawne dotycz\u0105ce egzamin\u00f3w mistrzowskich, czeladniczych i sprawdzaj\u0105cych<\/strong><\/p>\n<ol>\n<li>Ustawa o rzemio\u015ble z dnia 22 marca 1989 r. \u2013 (Dz.U. z 2002 r. Nr 112, poz.979 z p\u00f3\u017an. zm).<\/li>\n<li>Ustawa o promocji zatrudnienia i instytucjach rynku pracy z dnia 20 kwietnia 2004 r. (Dz. U. Nr 99, poz. 1001 z p\u00f3\u017an. zm.)<\/li>\n<li>Rozporz\u0105dzenie Ministra Edukacji Narodowej z dnia13 stycznia 2017 r. w sprawie egzaminu czeladniczego, egzaminu mistrzowskiego oraz egzaminu sprawdzaj\u0105cego przeprowadzanych \u00a0przez \u00a0komisje egzaminacyjne izb rzemie\u015blniczych (Dz.U. z 2017 r., poz. 89).<\/li>\n<li>Uchwa\u0142a Nr 11 Zarz\u0105du Zwi\u0105zku Rzemios\u0142a Polskiego z dnia 10 wrze\u015bnia 2003 r. znak:NO-I-130\/ES\/03 - w \u00a0sprawie: egzamin\u00f3w sprawdzaj\u0105cych przeprowadzanych po zako\u0144czeniu przyuczenia do wykonywania okre\u015blonej pracy (podj\u0119ta na podstawie art. 7 ust. 5 pkt. 5 oraz art. 12 ust. 4 ustawy z dnia 22 marca 1989r. o rzemio\u015ble (Dz.U. z 2002r. Nr 112, poz. 979 z p\u00f3\u017an. zm.) i \u00a7 16 rozporz\u0105dzenia Rady Ministr\u00f3w z dnia 28 maja 1996r. w sprawie przygotowania zawodowego m\u0142odocianych i ich wynagradzania (Dz.U. Nr 60, p\u00f3z. 278 z p\u00f3\u017an. zm.)<\/li>\n<\/ol>\n<p>\u00a0<\/p>\n<\/div>\n<\/div><\/div><\/div><\/div><\/div>","protected":false},"excerpt":{"rendered":"<p>WYKAZ ZAWOD\u00d3W \u00a0STANDARDY EGZAMINACYJNE\u00a0Regulacje prawne dotycz\u0105ce egzamin\u00f3w mistrzowskich, czeladniczych i sprawdzaj\u0105cychUstawa o rzemio\u015ble z dnia 22 marca 1989 r. \u2013 (Dz.U. z 2002 r. Nr 112, poz.979 z p\u00f3\u017an. zm).Ustawa o promocji zatrudnienia i instytucjach rynku pracy z dnia 20 kwietnia 2004 r. (Dz. U. Nr 99, poz. 1001 z p\u00f3\u017an. zm.)Rozporz\u0105dzenie Ministra Edukacji Narodowej&hellip; <a class=\"more-link\" href=\"https:\/\/zirzip.szczecin.pl\/?page_id=233\">Czytaj dalej <span class=\"screen-reader-text\">Wykaz zawod\u00f3w, standardy egzaminacyjne, regulacje prawne<\/span><\/a><\/p>\n","protected":false},"author":2,"featured_media":0,"parent":42,"menu_order":0,"comment_status":"closed","ping_status":"closed","template":"","meta":{"footnotes":""},"class_list":["post-233","page","type-page","status-publish","hentry","entry"],"jetpack_sharing_enabled":true,"jetpack_shortlink":"https:\/\/wp.me\/P9F7U6-3L","_links":{"self":[{"href":"https:\/\/zirzip.szczecin.pl\/index.php?rest_route=\/wp\/v2\/pages\/233","targetHints":{"allow":["GET"]}}],"collection":[{"href":"https:\/\/zirzip.szczecin.pl\/index.php?rest_route=\/wp\/v2\/pages"}],"about":[{"href":"https:\/\/zirzip.szczecin.pl\/index.php?rest_route=\/wp\/v2\/types\/page"}],"author":[{"embeddable":true,"href":"https:\/\/zirzip.szczecin.pl\/index.php?rest_route=\/wp\/v2\/users\/2"}],"replies":[{"embeddable":true,"href":"https:\/\/zirzip.szczecin.pl\/index.php?rest_route=%2Fwp%2Fv2%2Fcomments&post=233"}],"version-history":[{"count":9,"href":"https:\/\/zirzip.szczecin.pl\/index.php?rest_route=\/wp\/v2\/pages\/233\/revisions"}],"predecessor-version":[{"id":458,"href":"https:\/\/zirzip.szczecin.pl\/index.php?rest_route=\/wp\/v2\/pages\/233\/revisions\/458"}],"up":[{"embeddable":true,"href":"https:\/\/zirzip.szczecin.pl\/index.php?rest_route=\/wp\/v2\/pages\/42"}],"wp:attachment":[{"href":"https:\/\/zirzip.szczecin.pl\/index.php?rest_route=%2Fwp%2Fv2%2Fmedia&parent=233"}],"curies":[{"name":"wp","href":"https:\/\/api.w.org\/{rel}","templated":true}]}}