{"id":235,"date":"2017-05-03T11:53:33","date_gmt":"2017-05-03T11:53:33","guid":{"rendered":"http:\/\/test.zirzip.szczecin.pl\/?page_id=235"},"modified":"2017-05-14T20:35:50","modified_gmt":"2017-05-14T20:35:50","slug":"europass-suplementy-ec","status":"publish","type":"page","link":"https:\/\/zirzip.szczecin.pl\/?page_id=235","title":{"rendered":"EUROPASS \u2013 suplemey"},"content":{"rendered":"<div id=\"pl-235\"  class=\"panel-layout\" ><div id=\"pg-235-0\"  class=\"panel-grid panel-no-style\" ><div id=\"pgc-235-0-0\"  class=\"panel-grid-cell\" ><div id=\"panel-235-0-0-0\" class=\"so-panel widget widget_sow-editor panel-first-child panel-last-child\" data-index=\"0\" ><div\n\t\t\t\n\t\t\tclass=\"so-widget-sow-editor so-widget-sow-editor-base\"\n\t\t\t\n\t\t>\n<div class=\"siteorigin-widget-tinymce textwidget\">\n\t<p><strong>Suplement do \u015awiadectwa Czeladniczego\/Suplement do Dyplomu Mistrzowskiego<\/strong><\/p>\n<p>Osoby, kt\u00f3re uzyska\u0142y dyplom mistrzowski lub \u015bwiadectwo czeladnicze po 1 marca 2013 r. maj\u0105 mo\u017cliwo\u015b\u0107 uzyskania suplementu do dyplomu mistrzowskiego lub suplementu do \u015bwiadectwa czeladniczego.<br \/>Suplement zawiera opis umiej\u0119tno\u015bci i kompetencji potwierdzonych\u00a0 zdanym egzaminem wraz ze wskazaniem zawod\u00f3w, kt\u00f3re s\u0105 dla niego dost\u0119pne, z zastrze\u017ceniem, i\u017c prawo do ich wykonywania w poszczeg\u00f3lnych pa\u0144stwach cz\u0142onkowskich UE mo\u017ce by\u0107 uwarunkowane spe\u0142nieniem dodatkowych wymog\u00f3w. Dokument ten wystawiany jest nieodp\u0142atnie w j\u0119zyku polskim, a na \u017cyczenie r\u00f3wnie\u017c w j\u0119zyku angielskim. <\/p>\n<p>Suplement do dyplomu mistrzowskiego oraz suplement \u015bwiadectwa czeladniczego nie s\u0105 dokumentami potwierdzaj\u0105cymi kwalifikacje zawodowe i nie zast\u0119puj\u0105 dyplomu mistrzowskiego oraz \u015bwiadectwa czeladniczego.<\/p>\n<\/div>\n<\/div><\/div><\/div><\/div><\/div>","protected":false},"excerpt":{"rendered":"<p>Suplement do \u015awiadectwa Czeladniczego\/Suplement do Dyplomu MistrzowskiegoOsoby, kt\u00f3re uzyska\u0142y dyplom mistrzowski lub \u015bwiadectwo czeladnicze po 1 marca 2013 r. maj\u0105 mo\u017cliwo\u015b\u0107 uzyskania suplementu do dyplomu mistrzowskiego lub suplementu do \u015bwiadectwa czeladniczego.Suplement zawiera opis umiej\u0119tno\u015bci i kompetencji potwierdzonych\u00a0 zdanym egzaminem wraz ze wskazaniem zawod\u00f3w, kt\u00f3re s\u0105 dla niego dost\u0119pne, z zastrze\u017ceniem, i\u017c prawo do ich wykonywania&hellip; <a class=\"more-link\" href=\"https:\/\/zirzip.szczecin.pl\/?page_id=235\">Czytaj dalej <span class=\"screen-reader-text\">EUROPASS \u2013 suplemey<\/span><\/a><\/p>\n","protected":false},"author":2,"featured_media":0,"parent":42,"menu_order":0,"comment_status":"closed","ping_status":"closed","template":"","meta":{"footnotes":""},"class_list":["post-235","page","type-page","status-publish","hentry","entry"],"jetpack_sharing_enabled":true,"jetpack_shortlink":"https:\/\/wp.me\/P9F7U6-3N","_links":{"self":[{"href":"https:\/\/zirzip.szczecin.pl\/index.php?rest_route=\/wp\/v2\/pages\/235","targetHints":{"allow":["GET"]}}],"collection":[{"href":"https:\/\/zirzip.szczecin.pl\/index.php?rest_route=\/wp\/v2\/pages"}],"about":[{"href":"https:\/\/zirzip.szczecin.pl\/index.php?rest_route=\/wp\/v2\/types\/page"}],"author":[{"embeddable":true,"href":"https:\/\/zirzip.szczecin.pl\/index.php?rest_route=\/wp\/v2\/users\/2"}],"replies":[{"embeddable":true,"href":"https:\/\/zirzip.szczecin.pl\/index.php?rest_route=%2Fwp%2Fv2%2Fcomments&post=235"}],"version-history":[{"count":14,"href":"https:\/\/zirzip.szczecin.pl\/index.php?rest_route=\/wp\/v2\/pages\/235\/revisions"}],"predecessor-version":[{"id":636,"href":"https:\/\/zirzip.szczecin.pl\/index.php?rest_route=\/wp\/v2\/pages\/235\/revisions\/636"}],"up":[{"embeddable":true,"href":"https:\/\/zirzip.szczecin.pl\/index.php?rest_route=\/wp\/v2\/pages\/42"}],"wp:attachment":[{"href":"https:\/\/zirzip.szczecin.pl\/index.php?rest_route=%2Fwp%2Fv2%2Fmedia&parent=235"}],"curies":[{"name":"wp","href":"https:\/\/api.w.org\/{rel}","templated":true}]}}