{"id":243,"date":"2017-05-03T11:58:18","date_gmt":"2017-05-03T11:58:18","guid":{"rendered":"http:\/\/test.zirzip.szczecin.pl\/?page_id=243"},"modified":"2024-04-15T01:16:41","modified_gmt":"2024-04-15T00:16:41","slug":"egzaminy-mistrzowskie","status":"publish","type":"page","link":"https:\/\/zirzip.szczecin.pl\/?page_id=243","title":{"rendered":"Egzaminy mistrzowskie"},"content":{"rendered":"<div id=\"pl-243\"  class=\"panel-layout\" ><div id=\"pg-243-0\"  class=\"panel-grid panel-no-style\" ><div id=\"pgc-243-0-0\"  class=\"panel-grid-cell\" ><div id=\"panel-243-0-0-0\" class=\"so-panel widget widget_sow-editor panel-first-child panel-last-child\" data-index=\"0\" ><div\n\t\t\t\n\t\t\tclass=\"so-widget-sow-editor so-widget-sow-editor-base\"\n\t\t\t\n\t\t>\n<div class=\"siteorigin-widget-tinymce textwidget\">\n\t<p><strong>Informacja dla kandydat\u00f3w ubiegaj\u0105cych si\u0119 o egzamin mistrzowski<\/strong><\/p>\n<p><u>Egzamin mistrzowski sk\u0142ada si\u0119 z dw\u00f3ch cz\u0119\u015bci -<br \/>\npraktycznej i teoretycznej<\/u><\/p>\n<p><strong>Egzamin praktyczny<\/strong><br \/>\nTermin i miejsce egzaminu praktycznego ustala Przewodnicz\u0105cy zespo\u0142u egzaminacyjnego. Czas trwania etapu praktycznego nie mo\u017ce by\u0107 d\u0142u\u017cszy ni\u017c 24 godziny \u0142\u0105cznie, w ci\u0105gu trzech dni.<\/p>\n<p><u>Zg\u0142aszaj\u0105c si\u0119 na egzamin praktycznym kandydat zobowi\u0105zany jest przed\u0142o\u017cy\u0107:<br \/>\n<\/u>1. skierowanie na egzamin praktyczny<br \/>\n2. dow\u00f3d to\u017csamo\u015bci \/przedk\u0142ada r\u00f3wnie\u017c na egzaminie teoretycznym\/<br \/>\n3. stosown\u0105 odzie\u017c robocz\u0105<br \/>\n4. w\u0142asne narz\u0119dzia<\/p>\n<p><strong>Egzamin teoretyczny<\/strong> sk\u0142ada si\u0119 z dw\u00f3ch cz\u0119\u015bci pisemnej i ustnej.<\/p>\n<p><u>Cz\u0119\u015b\u0107 pisemna<\/u> egzaminu polega na udzieleniu przez kandydata odpowiedzi na pytania z zakresu nast\u0119puj\u0105cych temat\u00f3w:<br \/>\n1. rachunkowo\u015b\u0107 zawodowa wraz z kalkulacj\u0105<br \/>\n2. dokumentacja dzia\u0142alno\u015bci gospodarczej<br \/>\n3. rysunek zawodowy<br \/>\n4. zasady bezpiecze\u0144stwa i higieny pracy oraz ochrony przeciwpo\u017carowej<br \/>\n5. podstawowe zasady ochrony \u015brodowiska<br \/>\n6. podstawowe przepisy prawa pracy<br \/>\n7. podstawowa problematyka\u00a0 prawa gospodarczego i zarz\u0105dzania przedsi\u0119biorstwem<br \/>\n8. podstawy psychologii i pedagogiki<br \/>\n9. metodyka nauczania<\/p>\n<p><u>Cz\u0119\u015b\u0107 ustna<\/u> polega na udzieleniu przez kandydata odpowiedzi na pytania z\u00a0 zakresu nast. temat\u00f3w:<br \/>\n1. technologia<br \/>\n2. maszynoznawstwo<br \/>\n3. materia\u0142oznawstwo.<\/p>\n<\/div>\n<\/div><\/div><\/div><\/div><\/div>","protected":false},"excerpt":{"rendered":"<p>Informacja dla kandydat\u00f3w ubiegaj\u0105cych si\u0119 o egzamin mistrzowski Egzamin mistrzowski sk\u0142ada si\u0119 z dw\u00f3ch cz\u0119\u015bci &#8211; praktycznej i teoretycznej Egzamin praktyczny Termin i miejsce egzaminu praktycznego ustala Przewodnicz\u0105cy zespo\u0142u egzaminacyjnego. Czas trwania etapu praktycznego nie mo\u017ce by\u0107 d\u0142u\u017cszy ni\u017c 24 godziny \u0142\u0105cznie, w ci\u0105gu trzech dni. Zg\u0142aszaj\u0105c si\u0119 na egzamin praktycznym kandydat zobowi\u0105zany jest przed\u0142o\u017cy\u0107:&hellip; <a class=\"more-link\" href=\"https:\/\/zirzip.szczecin.pl\/?page_id=243\">Czytaj dalej <span class=\"screen-reader-text\">Egzaminy mistrzowskie<\/span><\/a><\/p>\n","protected":false},"author":2,"featured_media":0,"parent":42,"menu_order":0,"comment_status":"closed","ping_status":"closed","template":"","meta":{"footnotes":""},"class_list":["post-243","page","type-page","status-publish","hentry","entry"],"jetpack_sharing_enabled":true,"jetpack_shortlink":"https:\/\/wp.me\/P9F7U6-3V","_links":{"self":[{"href":"https:\/\/zirzip.szczecin.pl\/index.php?rest_route=\/wp\/v2\/pages\/243","targetHints":{"allow":["GET"]}}],"collection":[{"href":"https:\/\/zirzip.szczecin.pl\/index.php?rest_route=\/wp\/v2\/pages"}],"about":[{"href":"https:\/\/zirzip.szczecin.pl\/index.php?rest_route=\/wp\/v2\/types\/page"}],"author":[{"embeddable":true,"href":"https:\/\/zirzip.szczecin.pl\/index.php?rest_route=\/wp\/v2\/users\/2"}],"replies":[{"embeddable":true,"href":"https:\/\/zirzip.szczecin.pl\/index.php?rest_route=%2Fwp%2Fv2%2Fcomments&post=243"}],"version-history":[{"count":5,"href":"https:\/\/zirzip.szczecin.pl\/index.php?rest_route=\/wp\/v2\/pages\/243\/revisions"}],"predecessor-version":[{"id":6112,"href":"https:\/\/zirzip.szczecin.pl\/index.php?rest_route=\/wp\/v2\/pages\/243\/revisions\/6112"}],"up":[{"embeddable":true,"href":"https:\/\/zirzip.szczecin.pl\/index.php?rest_route=\/wp\/v2\/pages\/42"}],"wp:attachment":[{"href":"https:\/\/zirzip.szczecin.pl\/index.php?rest_route=%2Fwp%2Fv2%2Fmedia&parent=243"}],"curies":[{"name":"wp","href":"https:\/\/api.w.org\/{rel}","templated":true}]}}