{"id":302,"date":"2017-05-03T12:39:34","date_gmt":"2017-05-03T12:39:34","guid":{"rendered":"http:\/\/test.zirzip.szczecin.pl\/?page_id=302"},"modified":"2018-06-21T19:38:45","modified_gmt":"2018-06-21T19:38:45","slug":"cookie-policy","status":"publish","type":"page","link":"https:\/\/zirzip.szczecin.pl\/?page_id=302","title":{"rendered":"pliki Cookie"},"content":{"rendered":"<div id=\"pl-302\"  class=\"panel-layout\" ><div id=\"pg-302-0\"  class=\"panel-grid panel-no-style\" ><div id=\"pgc-302-0-0\"  class=\"panel-grid-cell\" ><div id=\"panel-302-0-0-0\" class=\"so-panel widget widget_sow-editor panel-first-child panel-last-child\" data-index=\"0\" ><div\n\t\t\t\n\t\t\tclass=\"so-widget-sow-editor so-widget-sow-editor-base\"\n\t\t\t\n\t\t>\n<div class=\"siteorigin-widget-tinymce textwidget\">\n\t<h3 style=\"text-align: center;\"><strong>Zachodniopomorska Izba Rzemios\u0142a i Przedsi\u0119biorczo\u015bci<\/strong><\/h3>\n<\/div>\n<\/div><\/div><\/div><\/div><div id=\"pg-302-1\"  class=\"panel-grid panel-no-style\" ><div id=\"pgc-302-1-0\"  class=\"panel-grid-cell\" ><div id=\"panel-302-1-0-0\" class=\"so-panel widget widget_sow-editor panel-first-child panel-last-child\" data-index=\"1\" ><div\n\t\t\t\n\t\t\tclass=\"so-widget-sow-editor so-widget-sow-editor-base\"\n\t\t\t\n\t\t>\n<div class=\"siteorigin-widget-tinymce textwidget\">\n\t<h3 style=\"text-align: center;\"><span style=\"color: #ff0000;\"><strong>Pliki cookies<\/strong><\/span><\/h3>\n<ol>\n<li>Serwis zbiera w spos\u00f3b automatyczny tylko informacje zawarte w plikach cookies.<\/li>\n<li>Pliki (cookies) s\u0105 plikami tekstowymi, kt\u00f3re przechowywane s\u0105 w urz\u0105dzeniu ko\u0144cowym u\u017cytkownika serwisu. Przeznaczone s\u0105 do korzystania ze stron serwisu. Przede wszystkim zawieraj\u0105 nazw\u0119 strony internetowej swojego pochodzenia, sw\u00f3j unikalny numer, czas przechowywania na urz\u0105dzeniu ko\u0144cowym.<\/li>\n<li>Operator serwisu (www.zirzip.szczecin.pl) jest podmiotem zamieszczaj\u0105cym na urz\u0105dzeniu ko\u0144cowym swojego u\u017cytkownika pliki cookies oraz maj\u0105cym do nich dost\u0119p.<\/li>\n<li>Operator serwisu wykorzystuje pliki (cookies) w celu:\n<ol>\n<li>dopasowania zawarto\u015bci strony internetowej do indywidualnych preferencji u\u017cytkownika, przede wszystkim pliki te rozpoznaj\u0105 jego urz\u0105dzenie, aby zgodnie z jego preferencjami wy\u015bwietli\u0107 stron\u0119;<\/li>\n<li>przygotowywania statystyk pomagaj\u0105cych poznaniu preferencji i zachowa\u0144 u\u017cytkownik\u00f3w, analiza tych statystyk jest anonimowa i umo\u017cliwia dostosowanie zawarto\u015bci i wygl\u0105du serwisu do panuj\u0105cych trend\u00f3w, statystyki stosuje si\u0119 te\u017c do oceny popularno\u015bci strony;<\/li>\n<\/ol>\n<\/li>\n<\/ol>\n<ol start=\"5\">\n<li>Serwis stosuje dwa zasadnicze rodzaje plik\u00f3w (cookies) - sesyjne i sta\u0142e. Pliki sesyjne s\u0105 tymczasowe, przechowuje si\u0119 je do momentu opuszczenia strony serwisu (poprzez wej\u015bcie na inn\u0105 stron\u0119, wylogowanie lub wy\u0142\u0105czenie przegl\u0105darki). Pliki sta\u0142e przechowywane s\u0105 w urz\u0105dzeniu ko\u0144cowym u\u017cytkownika do czasu ich usuni\u0119cia przez u\u017cytkownika lub przez czas wynikaj\u0105cy z ich ustawie\u0144.<\/li>\n<li>U\u017cytkownik mo\u017ce w ka\u017cdej chwili dokona\u0107 zmiany ustawie\u0144 swojej przegl\u0105darki, aby zablokowa\u0107 obs\u0142ug\u0119 plik\u00f3w (cookies) lub ka\u017cdorazowo uzyskiwa\u0107 informacje o ich umieszczeniu w swoim urz\u0105dzeniu. Inne dost\u0119pne opcje mo\u017cna sprawdzi\u0107 w ustawieniach swojej przegl\u0105darki internetowej. Nale\u017cy pami\u0119ta\u0107, \u017ce wi\u0119kszo\u015b\u0107 przegl\u0105darek domy\u015blnie jest ustawione na akceptacj\u0119 zapisu plik\u00f3w (cookies) w urz\u0105dzeniu ko\u0144cowym.<\/li>\n<li>Operator Serwisu informuje, \u017ce zmiany ustawie\u0144 w przegl\u0105darce internetowej u\u017cytkownika mog\u0105 ograniczy\u0107 dost\u0119p do niekt\u00f3rych funkcji strony internetowej serwisu.<\/li>\n<li>Pliki (cookies) z kt\u00f3rych korzysta serwis (zamieszczane w urz\u0105dzeniu ko\u0144cowym u\u017cytkownika) mog\u0105 by\u0107 udost\u0119pnione jego partnerom oraz wsp\u00f3\u0142pracuj\u0105cym z nim reklamodawc\u0105.<\/li>\n<li>Informacje dotycz\u0105ce ustawie\u0144 przegl\u0105darek internetowych dost\u0119pne s\u0105 w jej menu (pomoc) lub na stronie jej producenta.<\/li>\n<li>Bardziej szczeg\u00f3\u0142owe informacje na temat plik\u00f3w (cookies) dost\u0119pne s\u0105 na stronie\u00a0<strong><a href=\"http:\/\/ciasteczka.org.pl\/\">ciasteczka.org.pl<\/a><\/strong>.<\/li>\n<\/ol>\n<\/div>\n<\/div><\/div><\/div><div id=\"pgc-302-1-1\"  class=\"panel-grid-cell\" ><div id=\"panel-302-1-1-0\" class=\"so-panel widget widget_sow-editor panel-first-child panel-last-child\" data-index=\"2\" ><div\n\t\t\t\n\t\t\tclass=\"so-widget-sow-editor so-widget-sow-editor-base\"\n\t\t\t\n\t\t>\n<div class=\"siteorigin-widget-tinymce textwidget\">\n\t<h3 style=\"text-align: center;\"><span style=\"color: #ff0000;\"><strong>RODO - Klauzula informacyjna<\/strong><\/span><\/h3>\n<p>Zgodnie z art. 13 ust. 1 i ust. 2 og\u00f3lnego rozporz\u0105dzenia o ochronie danych osobowych z dnia 27 kwietnia 2016 r. informujemy, i\u017c Zachodniopomorska Izba Rzemios\u0142a i Przedsi\u0119biorczo\u015bci w Szczecinie b\u0119d\u0105c w posiadaniu\/ zbieraj\u0105c dane na etapie za\u0142atwiania spraw zgodnie ze Statutem jest \/ stanie si\u0119 administratorem Pani\/Pana danych osobowych. To oznacza, \u017ce odpowiadamy za wykorzystywanie danych w spos\u00f3b bezpieczny, zgodny z umow\u0105 oraz obowi\u0105zuj\u0105cymi przepisami.<\/p>\n<p>Z Administratorem mo\u017cna si\u0119 kontaktowa\u0107 pisemnie, za pomoc\u0105 poczty tradycyjnej na adres: ul. Kr\u00f3lowej Korony Polskiej 25, 70-486 Szczecin, drog\u0105 e-mailow\u0105 - <a href=\"mailto:zirzipszczecin@onet.eu\">zirzipszczecin@onet.eu<\/a><\/p>\n<p>Pani\/Pana dane osobowe s\u0105 przetwarzane na podstawie art. 6 ust. 1 lit. b oraz f <strong>RODO<\/strong> tj. przetwarzanie jest niezb\u0119dne do wykonania umowy, kt\u00f3rej stron\u0105 jest osoba, kt\u00f3rej dane dotycz\u0105, lub do podj\u0119cia dzia\u0142a\u0144 na \u017c\u0105danie osoby, kt\u00f3rej dane dotycz\u0105, przed zawarciem umowy oraz w celu realizacji prawnie uzasadnionego interesu administratora.<\/p>\n<p>Dane osobowe przetwarzane s\u0105 w celu zapewnienia wysokiego poziomu \u015bwiadczenia us\u0142ug.<br \/>\n<strong>*\u00a0<\/strong> Administrator przetwarza dane osobowe jedynie w zakresie okre\u015blonym przez przepisy prawa w tym ustaw\u0119 o rachunkowo\u015bci a tak\u017ce oczywi\u015bcie w zakresie niezb\u0119dnym do usprawnienia komunikacji mi\u0119dzy stronami (dane kontaktowe).<br \/>\n<strong>*<\/strong>\u00a0 Administrator mo\u017ce przetwarza\u0107 dane osobowe w celu realizowania dzia\u0142a\u0144 marketingowych, a kt\u00f3re mog\u0105 polega\u0107 na kierowaniu informacji o interesuj\u0105cych ofertach lub tre\u015bciach,<\/p>\n<p>Podstaw\u0105 prawn\u0105 przetwarzania danych osobowych przez Administratora w celu marketingowym jest jego uzasadniony interes (art. 6 ust. 1 lit. f RODO).<\/p>\n<p><strong>*\u00a0<\/strong> Odbiorcami danych osobowych mog\u0105 by\u0107 podmioty:<\/p>\n<ol>\n<li>dostawcy oprogramowania do zarz\u0105dzania przedsi\u0119biorstwem oraz dostawcy us\u0142ug informatycznych;<\/li>\n<li>dostawcy us\u0142ug prawnych oraz ksi\u0119gowych;<\/li>\n<li>komisje egzaminacyjne;<\/li>\n<li>oraz nasi partnerzy;<\/li>\n<\/ol>\n<p><strong>*<\/strong>\u00a0 Danych osobowych nie przekazujemy i nie planujemy przekazywa\u0107 danych do pa\u0144stw poza Europejskim Obszarem Gospodarczym.<\/p>\n<p><strong>*<\/strong>\u00a0 Dane osobowe przetwarzane s\u0105 przez okres wynikaj\u0105cy z przepis\u00f3w prawa w tym:<br \/>\n- przez czas wykonania obowi\u0105zk\u00f3w np. wystawienia faktury; rachunku;<br \/>\n- przez czas w kt\u00f3rym przepisy nakazuj\u0105 nam przechowywa\u0107 dane np. podatkowe;<br \/>\n- przez czas w kt\u00f3rym mo\u017cemy ponie\u015b\u0107 konsekwencje prawne;<br \/>\n- a tak\u017ce dla cel\u00f3w archiwalnych i wydania duplikat\u00f3w dokument\u00f3w potwierdzaj\u0105cych kwalifikacje;<\/p>\n<p><strong>*<\/strong>\u00a0 W zwi\u0105zku z przetwarzaniem Pani\/Pana danych osobowych przys\u0142uguje Pani\/Panu prawo do:<\/p>\n<ol>\n<li>informacji o przetwarzaniu danych osobowych;<\/li>\n<li>uzyskania kopii danych;<\/li>\n<li>sprostowania;<\/li>\n<li>usuni\u0119cia danych;<\/li>\n<li>ograniczenia przetwarzania;<\/li>\n<li>przenoszenia danych;<\/li>\n<li>sprzeciwu wobec przetwarzania danych w celach marketingowych;<\/li>\n<li>sprzeciwu wobec innych cel\u00f3w przetwarzania danych;<\/li>\n<li>wycofania zgody;<\/li>\n<li>skargi do Prezesa Urz\u0119du Ochrony Danych Osobowych.<\/li>\n<\/ol>\n<p><strong>Informujemy<\/strong><strong>, \u017ce podanie danych osobowych jest dobrowolne lecz ich niepodanie spowoduje niemo\u017cno\u015b\u0107 zawarcia umowy, przeprowadzenia egzaminu i wykonania innych dzia\u0142a\u0144 statutowych.<\/strong><\/p>\n<\/div>\n<\/div><\/div><\/div><\/div><\/div>","protected":false},"excerpt":{"rendered":"<p>Zachodniopomorska Izba Rzemios\u0142a i Przedsi\u0119biorczo\u015bci Pliki cookies Serwis zbiera w spos\u00f3b automatyczny tylko informacje zawarte w plikach cookies. Pliki (cookies) s\u0105 plikami tekstowymi, kt\u00f3re przechowywane s\u0105 w urz\u0105dzeniu ko\u0144cowym u\u017cytkownika serwisu. Przeznaczone s\u0105 do korzystania ze stron serwisu. Przede wszystkim zawieraj\u0105 nazw\u0119 strony internetowej swojego pochodzenia, sw\u00f3j unikalny numer, czas przechowywania na urz\u0105dzeniu ko\u0144cowym. Operator&hellip; <a class=\"more-link\" href=\"https:\/\/zirzip.szczecin.pl\/?page_id=302\">Czytaj dalej <span class=\"screen-reader-text\">pliki Cookie<\/span><\/a><\/p>\n","protected":false},"author":2,"featured_media":0,"parent":0,"menu_order":0,"comment_status":"closed","ping_status":"closed","template":"","meta":{"footnotes":""},"class_list":["post-302","page","type-page","status-publish","hentry","entry"],"jetpack_sharing_enabled":true,"jetpack_shortlink":"https:\/\/wp.me\/P9F7U6-4S","_links":{"self":[{"href":"https:\/\/zirzip.szczecin.pl\/index.php?rest_route=\/wp\/v2\/pages\/302","targetHints":{"allow":["GET"]}}],"collection":[{"href":"https:\/\/zirzip.szczecin.pl\/index.php?rest_route=\/wp\/v2\/pages"}],"about":[{"href":"https:\/\/zirzip.szczecin.pl\/index.php?rest_route=\/wp\/v2\/types\/page"}],"author":[{"embeddable":true,"href":"https:\/\/zirzip.szczecin.pl\/index.php?rest_route=\/wp\/v2\/users\/2"}],"replies":[{"embeddable":true,"href":"https:\/\/zirzip.szczecin.pl\/index.php?rest_route=%2Fwp%2Fv2%2Fcomments&post=302"}],"version-history":[{"count":18,"href":"https:\/\/zirzip.szczecin.pl\/index.php?rest_route=\/wp\/v2\/pages\/302\/revisions"}],"predecessor-version":[{"id":1655,"href":"https:\/\/zirzip.szczecin.pl\/index.php?rest_route=\/wp\/v2\/pages\/302\/revisions\/1655"}],"wp:attachment":[{"href":"https:\/\/zirzip.szczecin.pl\/index.php?rest_route=%2Fwp%2Fv2%2Fmedia&parent=302"}],"curies":[{"name":"wp","href":"https:\/\/api.w.org\/{rel}","templated":true}]}}