{"id":5639,"date":"2020-11-09T18:51:22","date_gmt":"2020-11-09T17:51:22","guid":{"rendered":"https:\/\/zirzip.szczecin.pl\/?page_id=5639"},"modified":"2020-11-09T18:55:47","modified_gmt":"2020-11-09T17:55:47","slug":"wpis-kwalifikacji-zawodowych-do-ceidg","status":"publish","type":"page","link":"https:\/\/zirzip.szczecin.pl\/?page_id=5639","title":{"rendered":"Wpis kwalifikacji zawodowych do CEIDG"},"content":{"rendered":"<p><strong>Zgodnie z art. 44 ust. 1 pkt 8 <\/strong><a href=\"https:\/\/prod.ceidg.gov.pl\/ceidg.cms.engine\/?F;6058eb9a-f1be-4174-b1d8-e4d4ecd4a0bd\"><strong>ustawy o Centralnej Ewidencji i Informacji o Dzia\u0142alno\u015bci Gospodarczej i Punkcie Informacji dla Przedsi\u0119biorcy<\/strong><\/a><strong>, CEIDG udost\u0119pnia nast\u0119puj\u0105ce informacje o przedsi\u0119biorcach i innych podmiotach w zakresie <\/strong><strong>uzyskania i utraty kwalifikacji zawodowych potwierdzonych dyplomem mistrza lub \u015bwiadectwem czeladniczym, o kt\u00f3rym mowa w <\/strong><a href=\"https:\/\/sip.legalis.pl\/document-view.seam?documentId=mfrxilrtg4ytenbvgm3tiltqmfyc4nbtgqzdimbxge\"><strong>art. 3 ust. 1 pkt 2 i 3<\/strong><\/a><strong> ustawy z dnia 22 marca 1989 r. o rzemio\u015ble, wydanym przez izb\u0119 rzemie\u015blnicz\u0105.<\/strong><\/p>\n<p>Informacje te <u>s\u0105 przekazywane do CEIDG przez izby rzemie\u015blnicze:<\/u><\/p>\n<ol>\n<li>W przypadku os\u00f3b, kt\u00f3re przyst\u0119puj\u0105c do egzaminu mistrz\/czeladnik s\u0105 ju\u017c przedsi\u0119biorcami:<\/li>\n<\/ol>\n<ul>\n<li>dopisanie informacji w zakresie posiadanych przez przedsi\u0119biorc\u0119 kwalifikacjach rzemie\u015blniczych ma charakter obligatoryjny,<\/li>\n<li>przedsi\u0119biorcy przyst\u0119puj\u0105c do egzaminu mistrzowskiego lub czeladniczego b\u0119d\u0105 zobowi\u0105zani poinformowa\u0107 we wniosku o dopuszczenie do egzaminu<br \/>\no fakcie posiadania wpisu w CEIDG,<\/li>\n<li>izba rzemie\u015blnicza w terminie 14 dni roboczych od dnia uzyskania dyplomu mistrza lub \u015bwiadectwa czeladniczego za po\u015brednictwem CEIDG dopisze informacje do wpisu przedsi\u0119biorcy w CEIDG za po\u015brednictwem formularza dost\u0119pnego na stronie CEIDG.<\/li>\n<\/ul>\n<ol start=\"2\">\n<li>W przypadku os\u00f3b kt\u00f3re uzyska\u0142y tytu\u0142 mistrza lub czeladnika przed 1.10.2020 oraz prowadz\u0105 dzia\u0142alno\u015b\u0107 gospodarcz\u0105 oraz os\u00f3b, kt\u00f3re uzyska\u0142y tytu\u0142 mistrza\/czeladnika przed dniem rozpocz\u0119cia dzia\u0142alno\u015bci gospodarczej wskazanej w CEIDG:<\/li>\n<\/ol>\n<ul>\n<li>informacje w zakresie posiadanych przez przedsi\u0119biorc\u0119 kwalifikacjach rzemie\u015blniczych jest dokonywane wy\u0142\u0105cznie wtedy gdy przedsi\u0119biorca wyst\u0105pi<br \/>\nz wnioskiem o dopisanie informacji do wpisu w CEIDG,<\/li>\n<li>izba rzemie\u015blnicza weryfikuje wniosek w terminie 14 dni od dnia ich wp\u0142ywu,<\/li>\n<li>w przypadku pozytywnej weryfikacji izba rzemie\u015blnicza przekazuje dane do CEIDG,<\/li>\n<li>izba rzemie\u015blnicza mo\u017ce wnioskodawc\u0119 zawiadomi\u0107 o konieczno\u015bci uzupe\u0142nienia wniosku, okre\u015blaj\u0105c term jego uzupe\u0142nienia,<\/li>\n<li>wniosek nieuzupe\u0142niony w terminie pozostawia si\u0119 bez rozpoznania,<\/li>\n<li>w przypadku negatywnego wyniku weryfikacji izba rzemie\u015blnicza informuje wnioskodawc\u0119 o przyczynach odmowy przekazania danych do CEIDG.<\/li>\n<\/ul>\n<p><strong>Wnioski prosimy sk\u0142ada\u0107 listownie na adres:<\/strong><br \/>\n<strong>Zachodniopomorska Izba Rzemios\u0142a i Przedsi\u0119biorczo\u015bci<br \/>\nul. <\/strong><strong>Kr\u00f3lowej Korony Polskiej 25<br \/>\n<\/strong><strong>70-486 Szczecin<br \/>\n<\/strong><strong>z dopiskiem: wniosek dot. CEIDG<\/strong><\/p>\n<p>Prawid\u0142owo z\u0142o\u017cony\u00a0komplet dokument\u00f3w musi zawiera\u0107:<br \/>\n<strong>1) uzupe\u0142niony wniosek o przekazanie do CEIDG informacji w zakresie uzyskania i utraty kwalifikacji zawodowych wynikaj\u0105cych z dyplomu mistrzowskiego lub \u015bwiadectwa czeladniczego,<\/strong><br \/>\n<strong>2) kopi\u0119 dyplomu mistrzowskiego lub \u015bwiadectwa czeladniczego,<\/strong><br \/>\n<strong>3) kopi\u0119 aktu ma\u0142\u017ce\u0144stwa (dotyczy przypadk\u00f3w os\u00f3b, kt\u00f3re zmieni\u0142y nazwisko).<\/strong><\/p>\n<p>Skargi na dzia\u0142anie izb rzemie\u015blniczych rozpatruje<strong> Zwi\u0105zek Rzemios\u0142a Polskiego.<br \/>\n<\/strong>Rol\u0119 administratora kont sprawuje <a href=\"https:\/\/www.mpit.gov.pl\/strony\/ministerstwo\/departament-gospodarki-elektronicznej\/\"><strong>Departament Ma\u0142ych<\/strong><\/a><strong><u> i \u015arednich Przedsi\u0119biorstw<\/u><\/strong><strong> w Ministerstwie Rozwoju.\u00a0<\/strong><\/p>\n<p><a href=\"https:\/\/zirzip.szczecin.pl\/wp-content\/uploads\/2020\/11\/Wniosek-o-wpis-kwalifikacji-zawodowych.pdf\"><strong><span style=\"color: #800000;\">Wniosek o wpis kwalifikacji zawodowych do CEIDG<\/span><\/strong>&#8211;<\/a>\u00a0<strong>obowi\u0105zuje od 1 pa\u017adziernika 2020 roku<\/strong><\/p>\n","protected":false},"excerpt":{"rendered":"<p>Zgodnie z art. 44 ust. 1 pkt 8 ustawy o Centralnej Ewidencji i Informacji o Dzia\u0142alno\u015bci Gospodarczej i Punkcie Informacji dla Przedsi\u0119biorcy, CEIDG udost\u0119pnia nast\u0119puj\u0105ce informacje o przedsi\u0119biorcach i innych podmiotach w zakresie uzyskania i utraty kwalifikacji zawodowych potwierdzonych dyplomem mistrza lub \u015bwiadectwem czeladniczym, o kt\u00f3rym mowa w art. 3 ust. 1 pkt 2 i&hellip; <a class=\"more-link\" href=\"https:\/\/zirzip.szczecin.pl\/?page_id=5639\">Czytaj dalej <span class=\"screen-reader-text\">Wpis kwalifikacji zawodowych do CEIDG<\/span><\/a><\/p>\n","protected":false},"author":5,"featured_media":0,"parent":42,"menu_order":0,"comment_status":"closed","ping_status":"closed","template":"","meta":{"footnotes":""},"class_list":["post-5639","page","type-page","status-publish","hentry","entry"],"jetpack_sharing_enabled":true,"jetpack_shortlink":"https:\/\/wp.me\/P9F7U6-1sX","_links":{"self":[{"href":"https:\/\/zirzip.szczecin.pl\/index.php?rest_route=\/wp\/v2\/pages\/5639","targetHints":{"allow":["GET"]}}],"collection":[{"href":"https:\/\/zirzip.szczecin.pl\/index.php?rest_route=\/wp\/v2\/pages"}],"about":[{"href":"https:\/\/zirzip.szczecin.pl\/index.php?rest_route=\/wp\/v2\/types\/page"}],"author":[{"embeddable":true,"href":"https:\/\/zirzip.szczecin.pl\/index.php?rest_route=\/wp\/v2\/users\/5"}],"replies":[{"embeddable":true,"href":"https:\/\/zirzip.szczecin.pl\/index.php?rest_route=%2Fwp%2Fv2%2Fcomments&post=5639"}],"version-history":[{"count":3,"href":"https:\/\/zirzip.szczecin.pl\/index.php?rest_route=\/wp\/v2\/pages\/5639\/revisions"}],"predecessor-version":[{"id":5642,"href":"https:\/\/zirzip.szczecin.pl\/index.php?rest_route=\/wp\/v2\/pages\/5639\/revisions\/5642"}],"up":[{"embeddable":true,"href":"https:\/\/zirzip.szczecin.pl\/index.php?rest_route=\/wp\/v2\/pages\/42"}],"wp:attachment":[{"href":"https:\/\/zirzip.szczecin.pl\/index.php?rest_route=%2Fwp%2Fv2%2Fmedia&parent=5639"}],"curies":[{"name":"wp","href":"https:\/\/api.w.org\/{rel}","templated":true}]}}