{"id":5959,"date":"2022-12-21T04:31:23","date_gmt":"2022-12-21T03:31:23","guid":{"rendered":"http:\/\/zirzip.szczecin.pl\/?page_id=5959"},"modified":"2022-12-21T04:31:23","modified_gmt":"2022-12-21T03:31:23","slug":"1-nowoczesny-wizerunek-rzemiosla","status":"publish","type":"page","link":"https:\/\/zirzip.szczecin.pl\/?page_id=5959","title":{"rendered":"1. Nowoczesny wizerunek rzemios\u0142a"},"content":{"rendered":"<div id=\"pl-5959\"  class=\"panel-layout\" ><div id=\"pg-5959-0\"  class=\"panel-grid panel-no-style\" ><div id=\"pgc-5959-0-0\"  class=\"panel-grid-cell\" ><div id=\"panel-5959-0-0-0\" class=\"so-panel widget widget_sow-editor panel-first-child panel-last-child\" data-index=\"0\" ><div\n\t\t\t\n\t\t\tclass=\"so-widget-sow-editor so-widget-sow-editor-base\"\n\t\t\t\n\t\t>\n<div class=\"siteorigin-widget-tinymce textwidget\">\n\t<p><img data-recalc-dims=\"1\" loading=\"lazy\" decoding=\"async\" class=\"aligncenter wp-image-5949 size-large\" src=\"https:\/\/i0.wp.com\/zirzip.szczecin.pl\/wp-content\/uploads\/2022\/12\/PIR_zestawienie_1_plik_edytowalny_KOLOR-1024x149.jpg?resize=750%2C109\" alt=\"\" width=\"750\" height=\"109\" srcset=\"https:\/\/i0.wp.com\/zirzip.szczecin.pl\/wp-content\/uploads\/2022\/12\/PIR_zestawienie_1_plik_edytowalny_KOLOR-scaled.jpg?resize=1024%2C149&amp;ssl=1 1024w, https:\/\/i0.wp.com\/zirzip.szczecin.pl\/wp-content\/uploads\/2022\/12\/PIR_zestawienie_1_plik_edytowalny_KOLOR-scaled.jpg?resize=300%2C44&amp;ssl=1 300w, https:\/\/i0.wp.com\/zirzip.szczecin.pl\/wp-content\/uploads\/2022\/12\/PIR_zestawienie_1_plik_edytowalny_KOLOR-scaled.jpg?resize=768%2C112&amp;ssl=1 768w, https:\/\/i0.wp.com\/zirzip.szczecin.pl\/wp-content\/uploads\/2022\/12\/PIR_zestawienie_1_plik_edytowalny_KOLOR-scaled.jpg?resize=1536%2C223&amp;ssl=1 1536w, https:\/\/i0.wp.com\/zirzip.szczecin.pl\/wp-content\/uploads\/2022\/12\/PIR_zestawienie_1_plik_edytowalny_KOLOR-scaled.jpg?resize=2048%2C298&amp;ssl=1 2048w, https:\/\/i0.wp.com\/zirzip.szczecin.pl\/wp-content\/uploads\/2022\/12\/PIR_zestawienie_1_plik_edytowalny_KOLOR-scaled.jpg?resize=1568%2C228&amp;ssl=1 1568w, https:\/\/i0.wp.com\/zirzip.szczecin.pl\/wp-content\/uploads\/2022\/12\/PIR_zestawienie_1_plik_edytowalny_KOLOR-scaled.jpg?w=2250&amp;ssl=1 2250w\" sizes=\"auto, (max-width: 750px) 100vw, 750px\" \/><\/p>\n<p style=\"text-align: center;\"><strong>Zachodniopomorska Izba Rzemios\u0142a i Przedsi\u0119biorczo\u015bci otrzyma\u0142a wsparcie finansowe od Narodowego Instytutu Wolno\u015bci \u2013 Centrum Rozwoju Spo\u0142ecze\u0144stwa Obywatelskiego <\/strong>na realizacj\u0119 dzia\u0142a\u0144\u00a0 w ramach Rz\u0105dowego Programu Polski Inkubator Rzemios\u0142a na lata 2021-2030; Edycja 2022.<\/p>\n<p>G\u0142\u00f3wnym celem Programu jest wzmocnienie organizacji samorz\u0105du gospodarczego rzemios\u0142a w zakresie kapita\u0142u ludzkiego i spo\u0142ecznego oraz potencja\u0142u instytucjonalnego w celu realizacji dzia\u0142a\u0144 statutowych, w tym dotycz\u0105cych rozwoju przedsi\u0119biorczo\u015bci i kszta\u0142cenia dualnego.<\/p>\n<p>W ramach <em>Zadania\u00a0 1: Wsparcie instytucjonalne i infrastrukturalne organizacji rzemie\u015blniczych <\/em>Rz\u0105dowego Programu Polski Inkubator Rzemios\u0142a ZIRziP zrealizowa\u0142a zadanie:<\/p>\n<p><strong>\u201eNowoczesny wizerunek rzemios\u0142a\u201d\u00a0\u00a0\u00a0 <\/strong><strong>Umowa <\/strong><strong>NR 224\/PIR\/Z1\/2022<\/strong><\/p>\n<p><strong>Okres realizacji projektu: od 01.09.2022r. do 30.06.2023r.<\/strong><\/p>\n<p><strong>Dofinansowanie: 57.213,00 z\u0142\u00a0\u00a0\u00a0 CA\u0141KOWITA WARTO\u015a\u0106: 57.213,00 z\u0142<\/strong><\/p>\n<p>Celem realizowanego zadania jest rozw\u00f3j potencja\u0142u infrastrukturalnego organizacji, rozw\u00f3j potencja\u0142u organizacyjnego izby, zawieranie partnerstwa lokalnego.<\/p>\n<p>ROK 2022<\/p>\n<p><strong>1.1 Rozw\u00f3j potencja\u0142u infrastrukturalnego organizacji rzemie\u015blniczych<br \/>\n<\/strong>1 Doposa\u017cenie biura Izby; zrealizowano \u2013XI.2022r.<\/p>\n<p><strong>1.3 Partnerstwa lokalne<br \/>\n<\/strong>1. Przygotowanie, opracowanie i zawarcie umowy partnerstwa- zrealizowano. Umowa Partnerstwa zawarta pomi\u0119dzy ZIRziP a Zachodniopomorsk\u0105 Komend\u0105 Wojew\u00f3dzk\u0105 OHP w Szczecinie\u00a0 w dniu 12.10.2022r.,podpisana przez Zbigniewa Maciaszka- Prezesa ZIRziP, S\u0142awomira Okrucha- Wiceprezesa ZIRziP oraz Tomasza Namieci\u0144skiego- Komendanta ZWK OHP w Szczecinie i Marcina Nieradk\u0119- Zast\u0119pc\u0119 ZKW OHP w Szczecinie. Umowa okre\u015bla kierunki wsp\u00f3\u0142pracy przy realizacji i osi\u0105ganiu cel\u00f3w, w szczeg\u00f3lno\u015bci, w zakresie rozwoju dualnego kszta\u0142cenia zawodowego realizowanego przez Zachodniopomorsk\u0105 Izb\u0119 Rzemios\u0142a i Przedsi\u0119biorczo\u015bci i ZWK OHP.<\/p>\n<p>&nbsp;<\/p>\n<hr \/>\n<p style=\"text-align: center;\">Sfinansowano ze \u015brodk\u00f3w Narodowego Instytutu Wolno\u015bci \u2013 Centrum Rozwoju Spo\u0142ecze\u0144stwa Obywatelskiego<br \/>\nw ramach Rz\u0105dowego Programu Polski Inkubator Rzemios\u0142a na lata 2021-2030<\/p>\n<\/div>\n<\/div><\/div><\/div><\/div><\/div>","protected":false},"excerpt":{"rendered":"<p>Zachodniopomorska Izba Rzemios\u0142a i Przedsi\u0119biorczo\u015bci otrzyma\u0142a wsparcie finansowe od Narodowego Instytutu Wolno\u015bci \u2013 Centrum Rozwoju Spo\u0142ecze\u0144stwa Obywatelskiego na realizacj\u0119 dzia\u0142a\u0144\u00a0 w ramach Rz\u0105dowego Programu Polski Inkubator Rzemios\u0142a na lata 2021-2030; Edycja 2022. G\u0142\u00f3wnym celem Programu jest wzmocnienie organizacji samorz\u0105du gospodarczego rzemios\u0142a w zakresie kapita\u0142u ludzkiego i spo\u0142ecznego oraz potencja\u0142u instytucjonalnego w celu realizacji dzia\u0142a\u0144 statutowych,&hellip; <a class=\"more-link\" href=\"https:\/\/zirzip.szczecin.pl\/?page_id=5959\">Czytaj dalej <span class=\"screen-reader-text\">1. Nowoczesny wizerunek rzemios\u0142a<\/span><\/a><\/p>\n","protected":false},"author":5,"featured_media":0,"parent":5954,"menu_order":0,"comment_status":"closed","ping_status":"closed","template":"","meta":{"footnotes":""},"class_list":["post-5959","page","type-page","status-publish","hentry","entry"],"jetpack_sharing_enabled":true,"jetpack_shortlink":"https:\/\/wp.me\/P9F7U6-1y7","_links":{"self":[{"href":"https:\/\/zirzip.szczecin.pl\/index.php?rest_route=\/wp\/v2\/pages\/5959","targetHints":{"allow":["GET"]}}],"collection":[{"href":"https:\/\/zirzip.szczecin.pl\/index.php?rest_route=\/wp\/v2\/pages"}],"about":[{"href":"https:\/\/zirzip.szczecin.pl\/index.php?rest_route=\/wp\/v2\/types\/page"}],"author":[{"embeddable":true,"href":"https:\/\/zirzip.szczecin.pl\/index.php?rest_route=\/wp\/v2\/users\/5"}],"replies":[{"embeddable":true,"href":"https:\/\/zirzip.szczecin.pl\/index.php?rest_route=%2Fwp%2Fv2%2Fcomments&post=5959"}],"version-history":[{"count":5,"href":"https:\/\/zirzip.szczecin.pl\/index.php?rest_route=\/wp\/v2\/pages\/5959\/revisions"}],"predecessor-version":[{"id":5964,"href":"https:\/\/zirzip.szczecin.pl\/index.php?rest_route=\/wp\/v2\/pages\/5959\/revisions\/5964"}],"up":[{"embeddable":true,"href":"https:\/\/zirzip.szczecin.pl\/index.php?rest_route=\/wp\/v2\/pages\/5954"}],"wp:attachment":[{"href":"https:\/\/zirzip.szczecin.pl\/index.php?rest_route=%2Fwp%2Fv2%2Fmedia&parent=5959"}],"curies":[{"name":"wp","href":"https:\/\/api.w.org\/{rel}","templated":true}]}}